{"id":3517,"date":"2020-08-06T09:45:14","date_gmt":"2020-08-06T07:45:14","guid":{"rendered":"https:\/\/www.seg-online.de\/home\/historie\/"},"modified":"2023-04-03T16:19:21","modified_gmt":"2023-04-03T14:19:21","slug":"historie","status":"publish","type":"page","link":"https:\/\/www.seg-online.de\/home\/historie\/?lang=fr","title":{"rendered":"Historique"},"content":{"rendered":"\t\t<div data-elementor-type=\"wp-post\" data-elementor-id=\"3517\" class=\"elementor elementor-3517\">\n\t\t\t\t\t\t<section class=\"elementor-section elementor-top-section elementor-element elementor-element-acf75ac elementor-section-boxed elementor-section-height-default elementor-section-height-default\" data-id=\"acf75ac\" data-element_type=\"section\" data-settings=\"{&quot;background_background&quot;:&quot;classic&quot;}\">\n\t\t\t\t\t\t<div class=\"elementor-container elementor-column-gap-default\">\n\t\t\t\t\t<div class=\"elementor-column elementor-col-50 elementor-top-column elementor-element elementor-element-a632ec8\" data-id=\"a632ec8\" data-element_type=\"column\">\n\t\t\t<div class=\"elementor-widget-wrap elementor-element-populated\">\n\t\t\t\t\t\t<div class=\"elementor-element elementor-element-c8fd158 elementor-widget elementor-widget-spacer\" data-id=\"c8fd158\" data-element_type=\"widget\" data-widget_type=\"spacer.default\">\n\t\t\t\t<div class=\"elementor-widget-container\">\n\t\t\t\t\t\t\t<div class=\"elementor-spacer\">\n\t\t\t<div class=\"elementor-spacer-inner\"><\/div>\n\t\t<\/div>\n\t\t\t\t\t\t<\/div>\n\t\t\t\t<\/div>\n\t\t\t\t<div class=\"elementor-element elementor-element-c75a0b5 elementor-widget elementor-widget-image\" data-id=\"c75a0b5\" data-element_type=\"widget\" data-widget_type=\"image.default\">\n\t\t\t\t<div class=\"elementor-widget-container\">\n\t\t\t\t\t\t\t\t\t\t\t\t\t\t\t<img fetchpriority=\"high\" decoding=\"async\" width=\"900\" height=\"904\" src=\"https:\/\/www.seg-online.de\/home\/wp-content\/uploads\/2020\/03\/seg-unternehmen-umweltschutz.jpg\" class=\"attachment-full size-full wp-image-2035\" alt=\"SEG Unternehmen Umweltschutz\" srcset=\"https:\/\/www.seg-online.de\/home\/wp-content\/uploads\/2020\/03\/seg-unternehmen-umweltschutz.jpg 900w, https:\/\/www.seg-online.de\/home\/wp-content\/uploads\/2020\/03\/seg-unternehmen-umweltschutz-150x150.jpg 150w, https:\/\/www.seg-online.de\/home\/wp-content\/uploads\/2020\/03\/seg-unternehmen-umweltschutz-300x300.jpg 300w, https:\/\/www.seg-online.de\/home\/wp-content\/uploads\/2020\/03\/seg-unternehmen-umweltschutz-768x771.jpg 768w, https:\/\/www.seg-online.de\/home\/wp-content\/uploads\/2020\/03\/seg-unternehmen-umweltschutz-120x120.jpg 120w\" sizes=\"(max-width: 900px) 100vw, 900px\" title=\"\" \/>\t\t\t\t\t\t\t\t\t\t\t\t\t\t\t<\/div>\n\t\t\t\t<\/div>\n\t\t\t\t<div class=\"elementor-element elementor-element-4533b69 elementor-hidden-phone elementor-widget elementor-widget-spacer\" data-id=\"4533b69\" data-element_type=\"widget\" data-widget_type=\"spacer.default\">\n\t\t\t\t<div class=\"elementor-widget-container\">\n\t\t\t\t\t\t\t<div class=\"elementor-spacer\">\n\t\t\t<div class=\"elementor-spacer-inner\"><\/div>\n\t\t<\/div>\n\t\t\t\t\t\t<\/div>\n\t\t\t\t<\/div>\n\t\t\t\t\t<\/div>\n\t\t<\/div>\n\t\t\t\t<div class=\"elementor-column elementor-col-50 elementor-top-column elementor-element elementor-element-bbec987\" data-id=\"bbec987\" data-element_type=\"column\">\n\t\t\t<div class=\"elementor-widget-wrap elementor-element-populated\">\n\t\t\t\t\t\t<div class=\"elementor-element elementor-element-dc12204 elementor-widget elementor-widget-spacer\" data-id=\"dc12204\" data-element_type=\"widget\" data-widget_type=\"spacer.default\">\n\t\t\t\t<div class=\"elementor-widget-container\">\n\t\t\t\t\t\t\t<div class=\"elementor-spacer\">\n\t\t\t<div class=\"elementor-spacer-inner\"><\/div>\n\t\t<\/div>\n\t\t\t\t\t\t<\/div>\n\t\t\t\t<\/div>\n\t\t\t\t<div class=\"elementor-element-custom_font_size elementor-element-custom_line_height elementor-element-custom_color elementor-element elementor-element-ffcc253 elementor-widget elementor-widget-text-editor\" data-id=\"ffcc253\" data-element_type=\"widget\" data-widget_type=\"text-editor.default\">\n\t\t\t\t<div class=\"elementor-widget-container\">\n\t\t\t\t\t\t\t\t\t<h3>SEG : Protection du climat, qualit\u00e9 et avenir<\/h3>\t\t\t\t\t\t\t\t<\/div>\n\t\t\t\t<\/div>\n\t\t\t\t<div class=\"elementor-element-custom_color elementor-element elementor-element-14a8e66 elementor-widget elementor-widget-text-editor\" data-id=\"14a8e66\" data-element_type=\"widget\" data-widget_type=\"text-editor.default\">\n\t\t\t\t<div class=\"elementor-widget-container\">\n\t\t\t\t\t\t\t\t\t<p>Depuis sa cr\u00e9ation en 1987 \u00e0 Mettlach sur la Sarre, la soci\u00e9t\u00e9 SEG Umwelt-Service GmbH s&#8217;occupe de la pr\u00e9servation des ressources et de la <strong>protection du climat<\/strong>.<\/p><p>\u00c0 la fin des ann\u00e9es 80, le potentiel de dangerosit\u00e9 \u00e9lev\u00e9 des CFC \/ HC a \u00e9t\u00e9 de plus en plus au centre des discussions \u00e9cologiques. SEG a fait de la <strong>r\u00e9cup\u00e9ration<\/strong> de ces substances dans les anciens appareils frigorifiques son activit\u00e9 principale.<\/p><p>Au d\u00e9but, une r\u00e9cup\u00e9ration compl\u00e8te des CFC \/ HC \u00e9tait techniquement impossible, c&#8217;est pourquoi SEG s&#8217;est donn\u00e9 pour mission de d\u00e9velopper une technologie sp\u00e9ciale capable d&#8217;\u00e9liminer autant que possible tous les CFC \/ HC des appareils usag\u00e9s. Cette technologie d&#8217;extraction et de destruction sans danger des chlorofluorocarbures nocifs pour la couche d&#8217;ozone est encore optimis\u00e9e aujourd&#8217;hui par nos soins.<\/p>\t\t\t\t\t\t\t\t<\/div>\n\t\t\t\t<\/div>\n\t\t\t\t<div class=\"elementor-element elementor-element-c4e78c5 elementor-widget elementor-widget-spacer\" data-id=\"c4e78c5\" data-element_type=\"widget\" data-widget_type=\"spacer.default\">\n\t\t\t\t<div class=\"elementor-widget-container\">\n\t\t\t\t\t\t\t<div class=\"elementor-spacer\">\n\t\t\t<div class=\"elementor-spacer-inner\"><\/div>\n\t\t<\/div>\n\t\t\t\t\t\t<\/div>\n\t\t\t\t<\/div>\n\t\t\t\t\t<\/div>\n\t\t<\/div>\n\t\t\t\t\t<\/div>\n\t\t<\/section>\n\t\t\t\t<\/div>\n\t\t","protected":false},"excerpt":{"rendered":"<p>SEG : Protection du climat, qualit\u00e9 et avenir Depuis sa cr\u00e9ation en 1987 \u00e0 Mettlach sur la Sarre, la soci\u00e9t\u00e9 SEG Umwelt-Service GmbH s&#8217;occupe de la pr\u00e9servation des ressources et de la protection du climat. \u00c0 la fin des ann\u00e9es 80, le potentiel de dangerosit\u00e9 \u00e9lev\u00e9 des CFC \/ HC a \u00e9t\u00e9 de plus en [&hellip;]<\/p>\n","protected":false},"author":1,"featured_media":0,"parent":0,"menu_order":0,"comment_status":"closed","ping_status":"closed","template":"","meta":{"footnotes":""},"class_list":["post-3517","page","type-page","status-publish","hentry"],"_links":{"self":[{"href":"https:\/\/www.seg-online.de\/home\/wp-json\/wp\/v2\/pages\/3517","targetHints":{"allow":["GET"]}}],"collection":[{"href":"https:\/\/www.seg-online.de\/home\/wp-json\/wp\/v2\/pages"}],"about":[{"href":"https:\/\/www.seg-online.de\/home\/wp-json\/wp\/v2\/types\/page"}],"author":[{"embeddable":true,"href":"https:\/\/www.seg-online.de\/home\/wp-json\/wp\/v2\/users\/1"}],"replies":[{"embeddable":true,"href":"https:\/\/www.seg-online.de\/home\/wp-json\/wp\/v2\/comments?post=3517"}],"version-history":[{"count":4,"href":"https:\/\/www.seg-online.de\/home\/wp-json\/wp\/v2\/pages\/3517\/revisions"}],"predecessor-version":[{"id":3529,"href":"https:\/\/www.seg-online.de\/home\/wp-json\/wp\/v2\/pages\/3517\/revisions\/3529"}],"wp:attachment":[{"href":"https:\/\/www.seg-online.de\/home\/wp-json\/wp\/v2\/media?parent=3517"}],"curies":[{"name":"wp","href":"https:\/\/api.w.org\/{rel}","templated":true}]}}