{"id":2736,"date":"2019-09-12T09:41:55","date_gmt":"2019-09-12T07:41:55","guid":{"rendered":"https:\/\/www.seg-online.de\/home\/pur\/"},"modified":"2020-05-04T15:43:25","modified_gmt":"2020-05-04T13:43:25","slug":"pur","status":"publish","type":"page","link":"https:\/\/www.seg-online.de\/home\/pur\/?lang=fr","title":{"rendered":"PUR"},"content":{"rendered":"\t\t<div data-elementor-type=\"wp-post\" data-elementor-id=\"2736\" class=\"elementor elementor-2736\">\n\t\t\t\t\t\t<section class=\"elementor-section elementor-top-section elementor-element elementor-element-6a7786e elementor-section-boxed elementor-section-height-default elementor-section-height-default\" data-id=\"6a7786e\" data-element_type=\"section\" data-settings=\"{&quot;background_background&quot;:&quot;classic&quot;}\">\n\t\t\t\t\t\t<div class=\"elementor-container elementor-column-gap-default\">\n\t\t\t\t\t<div class=\"elementor-column elementor-col-100 elementor-top-column elementor-element elementor-element-32f78c1\" data-id=\"32f78c1\" data-element_type=\"column\">\n\t\t\t<div class=\"elementor-widget-wrap elementor-element-populated\">\n\t\t\t\t\t\t<div class=\"elementor-element elementor-element-400e5ab elementor-widget elementor-widget-spacer\" data-id=\"400e5ab\" data-element_type=\"widget\" data-widget_type=\"spacer.default\">\n\t\t\t\t<div class=\"elementor-widget-container\">\n\t\t\t\t\t\t\t<div class=\"elementor-spacer\">\n\t\t\t<div class=\"elementor-spacer-inner\"><\/div>\n\t\t<\/div>\n\t\t\t\t\t\t<\/div>\n\t\t\t\t<\/div>\n\t\t\t\t<div class=\"elementor-element-custom_color elementor-element elementor-element-38fba18 elementor-widget elementor-widget-text-editor\" data-id=\"38fba18\" data-element_type=\"widget\" data-widget_type=\"text-editor.default\">\n\t\t\t\t<div class=\"elementor-widget-container\">\n\t\t\t\t\t\t\t\t\t<p>\u00d6KO-Pur \u2013 les seuls liants d\u2019huile et de produits chimiques avec effet de protection climatique.<\/p><p><strong>\u00d6KO-Pur est compos\u00e9 de mousses polyur\u00e9thane dont on enl\u00e8ve lors du recyclage de vieux appareils frigorifiques les agents moussants et frigorig\u00e8nes.<\/strong><\/p><p>On emp\u00eache ainsi que les potentiels nocifs de ces substances sont lib\u00e9r\u00e9s et peuvent menacer le climat. Lors de l\u2019utilisation d\u2019un sac de poudre \u00d6KO-Pur, on \u00e9conomise 1,7 to de CO\u2082, lors de l\u2019utilisation de granul\u00e9 fin et granul\u00e9 grossier \u00d6KO-Pur, ce sont m\u00eame 4 to de CO\u2082.<\/p>\t\t\t\t\t\t\t\t<\/div>\n\t\t\t\t<\/div>\n\t\t\t\t<div class=\"elementor-element elementor-element-26f9ba2 elementor-widget elementor-widget-spacer\" data-id=\"26f9ba2\" data-element_type=\"widget\" data-widget_type=\"spacer.default\">\n\t\t\t\t<div class=\"elementor-widget-container\">\n\t\t\t\t\t\t\t<div class=\"elementor-spacer\">\n\t\t\t<div class=\"elementor-spacer-inner\"><\/div>\n\t\t<\/div>\n\t\t\t\t\t\t<\/div>\n\t\t\t\t<\/div>\n\t\t\t\t\t<\/div>\n\t\t<\/div>\n\t\t\t\t\t<\/div>\n\t\t<\/section>\n\t\t\t\t<section class=\"elementor-section elementor-top-section elementor-element elementor-element-ce799f7 elementor-section-boxed elementor-section-height-default elementor-section-height-default\" data-id=\"ce799f7\" data-element_type=\"section\" data-settings=\"{&quot;background_background&quot;:&quot;classic&quot;}\">\n\t\t\t\t\t\t<div class=\"elementor-container elementor-column-gap-default\">\n\t\t\t\t\t<div class=\"elementor-column elementor-col-50 elementor-top-column elementor-element elementor-element-de6dd50\" data-id=\"de6dd50\" data-element_type=\"column\" data-settings=\"{&quot;background_background&quot;:&quot;classic&quot;}\">\n\t\t\t<div class=\"elementor-widget-wrap elementor-element-populated\">\n\t\t\t\t\t\t<div class=\"elementor-element elementor-element-5ed1b3f elementor-widget elementor-widget-spacer\" data-id=\"5ed1b3f\" data-element_type=\"widget\" data-widget_type=\"spacer.default\">\n\t\t\t\t<div class=\"elementor-widget-container\">\n\t\t\t\t\t\t\t<div class=\"elementor-spacer\">\n\t\t\t<div class=\"elementor-spacer-inner\"><\/div>\n\t\t<\/div>\n\t\t\t\t\t\t<\/div>\n\t\t\t\t<\/div>\n\t\t\t\t<div class=\"elementor-element elementor-element-9ac300a elementor-widget elementor-widget-image\" data-id=\"9ac300a\" data-element_type=\"widget\" data-widget_type=\"image.default\">\n\t\t\t\t<div class=\"elementor-widget-container\">\n\t\t\t\t\t\t\t\t\t\t\t\t\t\t\t<img fetchpriority=\"high\" decoding=\"async\" width=\"870\" height=\"526\" src=\"https:\/\/www.seg-online.de\/home\/wp-content\/uploads\/2019\/09\/oeko-pur.jpg\" class=\"attachment-full size-full wp-image-1807\" alt=\"Aufsaugen und Binden von \u00d6len und Chemikalien\" srcset=\"https:\/\/www.seg-online.de\/home\/wp-content\/uploads\/2019\/09\/oeko-pur.jpg 870w, https:\/\/www.seg-online.de\/home\/wp-content\/uploads\/2019\/09\/oeko-pur-300x181.jpg 300w, https:\/\/www.seg-online.de\/home\/wp-content\/uploads\/2019\/09\/oeko-pur-768x464.jpg 768w\" sizes=\"(max-width: 870px) 100vw, 870px\" title=\"\" \/>\t\t\t\t\t\t\t\t\t\t\t\t\t\t\t<\/div>\n\t\t\t\t<\/div>\n\t\t\t\t\t<\/div>\n\t\t<\/div>\n\t\t\t\t<div class=\"elementor-column elementor-col-50 elementor-top-column elementor-element elementor-element-0ef9149\" data-id=\"0ef9149\" data-element_type=\"column\" data-settings=\"{&quot;background_background&quot;:&quot;classic&quot;}\">\n\t\t\t<div class=\"elementor-widget-wrap elementor-element-populated\">\n\t\t\t\t\t\t<div class=\"elementor-element elementor-element-14970b8 elementor-widget elementor-widget-spacer\" data-id=\"14970b8\" data-element_type=\"widget\" data-widget_type=\"spacer.default\">\n\t\t\t\t<div class=\"elementor-widget-container\">\n\t\t\t\t\t\t\t<div class=\"elementor-spacer\">\n\t\t\t<div class=\"elementor-spacer-inner\"><\/div>\n\t\t<\/div>\n\t\t\t\t\t\t<\/div>\n\t\t\t\t<\/div>\n\t\t\t\t<div class=\"elementor-element-custom_font_size elementor-element-custom_line_height elementor-element-custom_color elementor-element elementor-element-775da4a elementor-widget elementor-widget-text-editor\" data-id=\"775da4a\" data-element_type=\"widget\" data-widget_type=\"text-editor.default\">\n\t\t\t\t<div class=\"elementor-widget-container\">\n\t\t\t\t\t\t\t\t\tTous les produits de \u00d6KO-Pur sont extr\u00eamement \u00e9cologiques puisqu\u2019on utilise comme mat\u00e9riau de base du polyur\u00e9thane 100% recyclable. Polyur\u00e9thane est parfaitement sans danger \u00a0au niveau de l\u2019hygi\u00e8ne du travail et sans danger pour les hommes, les animaux et plantes. En tant que produit recyclable, il aide \u00e0 pr\u00e9server des ressources pr\u00e9cieuses.\n\nTous les jours, il y a quelque part des fuites d\u2019huile, m\u00eame si la sensibilit\u00e9 pour la manipulation de ce produit \u00e0 probl\u00e8mes augmente en permanence. Mais il n\u2019y pas que des fuites d\u2019huile, des graisses, \u00e9mulsions, laques et acides sont toujours un risque pour notre environnement.\t\t\t\t\t\t\t\t<\/div>\n\t\t\t\t<\/div>\n\t\t\t\t<div class=\"elementor-element elementor-element-04792c3 elementor-widget elementor-widget-spacer\" data-id=\"04792c3\" data-element_type=\"widget\" data-widget_type=\"spacer.default\">\n\t\t\t\t<div class=\"elementor-widget-container\">\n\t\t\t\t\t\t\t<div class=\"elementor-spacer\">\n\t\t\t<div class=\"elementor-spacer-inner\"><\/div>\n\t\t<\/div>\n\t\t\t\t\t\t<\/div>\n\t\t\t\t<\/div>\n\t\t\t\t\t<\/div>\n\t\t<\/div>\n\t\t\t\t\t<\/div>\n\t\t<\/section>\n\t\t\t\t<section class=\"elementor-section elementor-top-section elementor-element elementor-element-f111b9c elementor-section-stretched elementor-section-boxed elementor-section-height-default elementor-section-height-default\" data-id=\"f111b9c\" data-element_type=\"section\" data-settings=\"{&quot;stretch_section&quot;:&quot;section-stretched&quot;,&quot;background_background&quot;:&quot;classic&quot;}\">\n\t\t\t\t\t\t<div class=\"elementor-container elementor-column-gap-default\">\n\t\t\t\t\t<div class=\"elementor-column elementor-col-100 elementor-top-column elementor-element elementor-element-a270cf8\" data-id=\"a270cf8\" data-element_type=\"column\">\n\t\t\t<div class=\"elementor-widget-wrap elementor-element-populated\">\n\t\t\t\t\t\t<div class=\"elementor-element elementor-element-4faf783 elementor-widget elementor-widget-spacer\" data-id=\"4faf783\" data-element_type=\"widget\" data-widget_type=\"spacer.default\">\n\t\t\t\t<div class=\"elementor-widget-container\">\n\t\t\t\t\t\t\t<div class=\"elementor-spacer\">\n\t\t\t<div class=\"elementor-spacer-inner\"><\/div>\n\t\t<\/div>\n\t\t\t\t\t\t<\/div>\n\t\t\t\t<\/div>\n\t\t\t\t\t<\/div>\n\t\t<\/div>\n\t\t\t\t\t<\/div>\n\t\t<\/section>\n\t\t\t\t<section class=\"elementor-section elementor-top-section elementor-element elementor-element-be7fbe8 elementor-section-boxed elementor-section-height-default elementor-section-height-default\" data-id=\"be7fbe8\" data-element_type=\"section\" data-settings=\"{&quot;background_background&quot;:&quot;classic&quot;}\">\n\t\t\t\t\t\t<div class=\"elementor-container elementor-column-gap-default\">\n\t\t\t\t\t<div class=\"elementor-column elementor-col-100 elementor-top-column elementor-element elementor-element-c08107a\" data-id=\"c08107a\" data-element_type=\"column\">\n\t\t\t<div class=\"elementor-widget-wrap elementor-element-populated\">\n\t\t\t\t\t\t<div class=\"elementor-element elementor-element-5955624 elementor-widget__width-auto elementor-widget elementor-widget-text-editor\" data-id=\"5955624\" data-element_type=\"widget\" data-widget_type=\"text-editor.default\">\n\t\t\t\t<div class=\"elementor-widget-container\">\n\t\t\t\t\t\t\t\t\t<p>Une aide rapide et fiable est importante pour \u00e9viter des dommages durables. Pour les liants d\u2019huile et produits chimiques de \u00d6KO-Pur, il y a le produit ad\u00e9quat pour chaque cas.<\/p><p>Avec chaque sac \u00d6KO-Pur vendu, on favorise la protection climatique globale. SEG soutient en m\u00eame temps des projets de protection climatique, par ex. au Mexique, au Ghana et dans des pays en d\u00e9veloppement partout dans le monde.<\/p>\t\t\t\t\t\t\t\t<\/div>\n\t\t\t\t<\/div>\n\t\t\t\t<div class=\"elementor-element elementor-element-f4479b7 elementor-widget elementor-widget-gt3-core-emptyspace\" data-id=\"f4479b7\" data-element_type=\"widget\" data-widget_type=\"gt3-core-emptyspace.default\">\n\t\t\t\t<div class=\"elementor-widget-container\">\n\t\t\t\t\t\t<div class=\"gt3_emptyspace_block  gt3_es_sm_desktop-on  gt3_es_tablet-on  gt3_es_mobile-on\" data-block-title=\"EmptySpace Widget\">\r\n\t\t<div class=\"gt3_es gt3_es_default\"><\/div><div class=\"gt3_es gt3_es_sm_desktop\"><\/div><div class=\"gt3_es gt3_es_tablet\"><\/div><div class=\"gt3_es gt3_es_mobile\"><\/div>\t<\/div>\r\n\t\t\t\t<\/div>\n\t\t\t\t<\/div>\n\t\t\t\t\t<\/div>\n\t\t<\/div>\n\t\t\t\t\t<\/div>\n\t\t<\/section>\n\t\t\t\t<\/div>\n\t\t","protected":false},"excerpt":{"rendered":"<p>\u00d6KO-Pur \u2013 les seuls liants d\u2019huile et de produits chimiques avec effet de protection climatique. \u00d6KO-Pur est compos\u00e9 de mousses polyur\u00e9thane dont on enl\u00e8ve lors du recyclage de vieux appareils frigorifiques les agents moussants et frigorig\u00e8nes. On emp\u00eache ainsi que les potentiels nocifs de ces substances sont lib\u00e9r\u00e9s et peuvent menacer le climat. Lors de [&hellip;]<\/p>\n","protected":false},"author":1,"featured_media":0,"parent":0,"menu_order":0,"comment_status":"closed","ping_status":"closed","template":"","meta":{"footnotes":""},"class_list":["post-2736","page","type-page","status-publish","hentry"],"_links":{"self":[{"href":"https:\/\/www.seg-online.de\/home\/wp-json\/wp\/v2\/pages\/2736","targetHints":{"allow":["GET"]}}],"collection":[{"href":"https:\/\/www.seg-online.de\/home\/wp-json\/wp\/v2\/pages"}],"about":[{"href":"https:\/\/www.seg-online.de\/home\/wp-json\/wp\/v2\/types\/page"}],"author":[{"embeddable":true,"href":"https:\/\/www.seg-online.de\/home\/wp-json\/wp\/v2\/users\/1"}],"replies":[{"embeddable":true,"href":"https:\/\/www.seg-online.de\/home\/wp-json\/wp\/v2\/comments?post=2736"}],"version-history":[{"count":5,"href":"https:\/\/www.seg-online.de\/home\/wp-json\/wp\/v2\/pages\/2736\/revisions"}],"predecessor-version":[{"id":2840,"href":"https:\/\/www.seg-online.de\/home\/wp-json\/wp\/v2\/pages\/2736\/revisions\/2840"}],"wp:attachment":[{"href":"https:\/\/www.seg-online.de\/home\/wp-json\/wp\/v2\/media?parent=2736"}],"curies":[{"name":"wp","href":"https:\/\/api.w.org\/{rel}","templated":true}]}}