{"id":2103,"date":"2020-03-04T12:23:05","date_gmt":"2020-03-04T11:23:05","guid":{"rendered":"https:\/\/www.seg-online.de\/home\/?page_id=2103"},"modified":"2023-04-04T11:12:56","modified_gmt":"2023-04-04T09:12:56","slug":"impressum","status":"publish","type":"page","link":"https:\/\/www.seg-online.de\/home\/impressum\/","title":{"rendered":"Impressum"},"content":{"rendered":"\t\t<div data-elementor-type=\"wp-post\" data-elementor-id=\"2103\" class=\"elementor elementor-2103\">\n\t\t\t\t\t\t<section class=\"elementor-section elementor-top-section elementor-element elementor-element-629d570d elementor-section-boxed elementor-section-height-default elementor-section-height-default\" data-id=\"629d570d\" data-element_type=\"section\">\n\t\t\t\t\t\t<div class=\"elementor-container elementor-column-gap-default\">\n\t\t\t\t\t<div class=\"elementor-column elementor-col-100 elementor-top-column elementor-element elementor-element-62996081\" data-id=\"62996081\" data-element_type=\"column\">\n\t\t\t<div class=\"elementor-widget-wrap elementor-element-populated\">\n\t\t\t\t\t\t<div class=\"elementor-element elementor-element-80ed320 elementor-widget elementor-widget-spacer\" data-id=\"80ed320\" data-element_type=\"widget\" data-widget_type=\"spacer.default\">\n\t\t\t\t<div class=\"elementor-widget-container\">\n\t\t\t\t\t\t\t<div class=\"elementor-spacer\">\n\t\t\t<div class=\"elementor-spacer-inner\"><\/div>\n\t\t<\/div>\n\t\t\t\t\t\t<\/div>\n\t\t\t\t<\/div>\n\t\t\t\t<div class=\"elementor-element elementor-element-73011288 elementor-widget elementor-widget-text-editor\" data-id=\"73011288\" data-element_type=\"widget\" data-widget_type=\"text-editor.default\">\n\t\t\t\t<div class=\"elementor-widget-container\">\n\t\t\t\t\t\t\t\t\t<p><em>Angaben gem\u00e4\u00df \u00a7 5 TMG<\/em><br \/><br \/><\/p><p>SEG Umwelt-Service GmbH<br \/>Auf der Haardt 2<br \/>66693 Mettlach<br \/><br \/><\/p><p>Handelsregister: HRB 4572<br \/>Registergericht: Amtsgericht Saarbr\u00fccken<br \/><br \/><\/p><p><b>Vertreten durch den Gesch\u00e4ftsf\u00fchrer<\/b><br \/>Hans-Peter Walter<br \/><br \/><\/p><h2>Kontakt<\/h2><p>Telefon: +49 6864 91030<br \/>Telefax: +49 6864 910333<br \/>E-Mail: <a href=\"mailto:info@seg-online.de\">info@seg-online.de<\/a><br \/><br \/><\/p><h2>Umsatzsteuer-ID<\/h2><p>Umsatzsteuer-Identifikations\u00adnummer gem\u00e4\u00df \u00a7 27 a Umsatzsteuergesetz:<br \/>DE204348669<br \/><br \/><\/p><h2>EU-Streitschlichtung<\/h2><p>Die Europ\u00e4ische Kommission stellt eine Plattform zur Online-Streitbeilegung (OS) bereit: <a href=\"https:\/\/ec.europa.eu\/consumers\/odr\" target=\"_blank\" rel=\"noopener noreferrer\">https:\/\/ec.europa.eu\/ consumers\/odr<\/a>.<br \/>Unsere E-Mail-Adresse finden Sie oben im Impressum.<br \/><br \/><\/p><h2>Verbraucher\u00adstreit\u00adbeilegung \/ Universal\u00adschlichtungs\u00adstelle<\/h2><p>Wir sind nicht bereit oder verpflichtet, an Streitbeilegungsverfahren vor einer Verbraucherschlichtungsstelle teilzunehmen.<br \/><br \/><\/p><h2>Bildnachweis<\/h2><p>Bild H\u00e4nde halten Weltkugel \u2013 &#8222;Green Planet in Your Hands. Save Earth. Environment Concept&#8220; \u2013 shutterstock.com \u2013 Pasko Maksim<br \/>Bild Spr\u00f6\u00dfling auf Erdhaufen \u2013 &#8222;Little green plant grow from soil, white background&#8220; \u2013 shutterstock.com \u2013 domnitsky<br \/>Bild Fu\u00dfspuren aus Gras \u2013 &#8222;foot print made of green grass isolated&#8220; \u2013 shutterstock.com \u2013 varuna<br \/><br \/><\/p><h2>Konzeption &amp; Umsetzung<\/h2><p><a href=\"https:\/\/www.formverliebt.com\" target=\"_blank\" rel=\"noopener\"><img decoding=\"async\" class=\"formverliebt\" src=\"https:\/\/www.seg-online.de\/home\/wp-content\/uploads\/2020\/03\/formverliebt-logo.png\" alt=\"Werbeagentur formverliebt markenkommunikation GmbH\" \/><\/a><br \/><br \/>\u00a0<\/p><h3>Haftung f\u00fcr Inhalte<\/h3><p>Als Diensteanbieter sind wir gem\u00e4\u00df \u00a7 7 Abs.1 TMG f\u00fcr eigene Inhalte auf diesen Seiten nach den allgemeinen Gesetzen verantwortlich. Nach \u00a7\u00a7 8 bis 10 TMG sind wir als Diensteanbieter jedoch nicht verpflichtet, \u00fcbermittelte oder gespeicherte fremde Informationen zu \u00fcberwachen oder nach Umst\u00e4nden zu forschen, die auf eine rechtswidrige T\u00e4tigkeit hinweisen.<\/p><p>Verpflichtungen zur Entfernung oder Sperrung der Nutzung von Informationen nach den allgemeinen Gesetzen bleiben hiervon unber\u00fchrt. Eine diesbez\u00fcgliche Haftung ist jedoch erst ab dem Zeitpunkt der Kenntnis einer konkreten Rechtsverletzung m\u00f6glich. Bei Bekanntwerden von entsprechenden Rechtsverletzungen werden wir diese Inhalte umgehend entfernen.<br \/><br \/><\/p><h3>Haftung f\u00fcr Links<\/h3><p>Unser Angebot enth\u00e4lt Links zu externen Websites Dritter, auf deren Inhalte wir keinen Einfluss haben. Deshalb k\u00f6nnen wir f\u00fcr diese fremden Inhalte auch keine Gew\u00e4hr \u00fcbernehmen. F\u00fcr die Inhalte der verlinkten Seiten ist stets der jeweilige Anbieter oder Betreiber der Seiten verantwortlich. Die verlinkten Seiten wurden zum Zeitpunkt der Verlinkung auf m\u00f6gliche Rechtsverst\u00f6\u00dfe \u00fcberpr\u00fcft. Rechtswidrige Inhalte waren zum Zeitpunkt der Verlinkung nicht erkennbar.<br \/><br \/>Eine permanente inhaltliche Kontrolle der verlinkten Seiten ist jedoch ohne konkrete Anhaltspunkte einer Rechtsverletzung nicht zumutbar. Bei Bekanntwerden von Rechtsverletzungen werden wir derartige Links umgehend entfernen.<br \/><br \/><\/p><h3>Urheberrecht<\/h3><p>Die durch die Seitenbetreiber erstellten Inhalte und Werke auf diesen Seiten unterliegen dem deutschen Urheberrecht. Die Vervielf\u00e4ltigung, Bearbeitung, Verbreitung und jede Art der Verwertung au\u00dferhalb der Grenzen des Urheberrechtes bed\u00fcrfen der schriftlichen Zustimmung des jeweiligen Autors bzw. Erstellers. Downloads und Kopien dieser Seite sind nur f\u00fcr den privaten, nicht kommerziellen Gebrauch gestattet.<\/p><p>Soweit die Inhalte auf dieser Seite nicht vom Betreiber erstellt wurden, werden die Urheberrechte Dritter beachtet. Insbesondere werden Inhalte Dritter als solche gekennzeichnet. Sollten Sie trotzdem auf eine Urheberrechtsverletzung aufmerksam werden, bitten wir um einen entsprechenden Hinweis. Bei Bekanntwerden von Rechtsverletzungen werden wir derartige Inhalte umgehend entfernen.<\/p>\t\t\t\t\t\t\t\t<\/div>\n\t\t\t\t<\/div>\n\t\t\t\t<div class=\"elementor-element elementor-element-1380717 elementor-widget elementor-widget-spacer\" data-id=\"1380717\" data-element_type=\"widget\" data-widget_type=\"spacer.default\">\n\t\t\t\t<div class=\"elementor-widget-container\">\n\t\t\t\t\t\t\t<div class=\"elementor-spacer\">\n\t\t\t<div class=\"elementor-spacer-inner\"><\/div>\n\t\t<\/div>\n\t\t\t\t\t\t<\/div>\n\t\t\t\t<\/div>\n\t\t\t\t\t<\/div>\n\t\t<\/div>\n\t\t\t\t\t<\/div>\n\t\t<\/section>\n\t\t\t\t<\/div>\n\t\t","protected":false},"excerpt":{"rendered":"<p>Angaben gem\u00e4\u00df \u00a7 5 TMG SEG Umwelt-Service GmbH Auf der Haardt 2 66693 Mettlach Handelsregister: HRB 4572 Registergericht: Amtsgericht Saarbr\u00fccken Vertreten durch den Gesch\u00e4ftsf\u00fchrer Hans-Peter Walter Kontakt Telefon: +49 6864 91030 Telefax: +49 6864 910333 E-Mail: info@seg-online.de Umsatzsteuer-ID Umsatzsteuer-Identifikations\u00adnummer gem\u00e4\u00df \u00a7 27 a Umsatzsteuergesetz: DE204348669 EU-Streitschlichtung Die Europ\u00e4ische Kommission stellt eine Plattform zur Online-Streitbeilegung (OS) [&hellip;]<\/p>\n","protected":false},"author":1,"featured_media":0,"parent":0,"menu_order":0,"comment_status":"closed","ping_status":"open","template":"","meta":{"footnotes":""},"class_list":["post-2103","page","type-page","status-publish","hentry"],"_links":{"self":[{"href":"https:\/\/www.seg-online.de\/home\/wp-json\/wp\/v2\/pages\/2103","targetHints":{"allow":["GET"]}}],"collection":[{"href":"https:\/\/www.seg-online.de\/home\/wp-json\/wp\/v2\/pages"}],"about":[{"href":"https:\/\/www.seg-online.de\/home\/wp-json\/wp\/v2\/types\/page"}],"author":[{"embeddable":true,"href":"https:\/\/www.seg-online.de\/home\/wp-json\/wp\/v2\/users\/1"}],"replies":[{"embeddable":true,"href":"https:\/\/www.seg-online.de\/home\/wp-json\/wp\/v2\/comments?post=2103"}],"version-history":[{"count":18,"href":"https:\/\/www.seg-online.de\/home\/wp-json\/wp\/v2\/pages\/2103\/revisions"}],"predecessor-version":[{"id":3564,"href":"https:\/\/www.seg-online.de\/home\/wp-json\/wp\/v2\/pages\/2103\/revisions\/3564"}],"wp:attachment":[{"href":"https:\/\/www.seg-online.de\/home\/wp-json\/wp\/v2\/media?parent=2103"}],"curies":[{"name":"wp","href":"https:\/\/api.w.org\/{rel}","templated":true}]}}