{"id":1932,"date":"2019-10-22T17:00:06","date_gmt":"2019-10-22T15:00:06","guid":{"rendered":"https:\/\/www.seg-online.de\/home\/?page_id=1932"},"modified":"2023-04-04T12:09:04","modified_gmt":"2023-04-04T10:09:04","slug":"unternehmen-2","status":"publish","type":"page","link":"https:\/\/www.seg-online.de\/home\/unternehmen\/","title":{"rendered":"Unternehmen"},"content":{"rendered":"\t\t<div data-elementor-type=\"wp-post\" data-elementor-id=\"1932\" class=\"elementor elementor-1932\">\n\t\t\t\t\t\t<section class=\"elementor-section elementor-top-section elementor-element elementor-element-acf75ac elementor-section-boxed elementor-section-height-default elementor-section-height-default\" data-id=\"acf75ac\" data-element_type=\"section\" data-settings=\"{&quot;background_background&quot;:&quot;classic&quot;}\">\n\t\t\t\t\t\t<div class=\"elementor-container elementor-column-gap-default\">\n\t\t\t\t\t<div class=\"elementor-column elementor-col-50 elementor-top-column elementor-element elementor-element-a632ec8\" data-id=\"a632ec8\" data-element_type=\"column\">\n\t\t\t<div class=\"elementor-widget-wrap elementor-element-populated\">\n\t\t\t\t\t\t<div class=\"elementor-element elementor-element-c8fd158 elementor-widget elementor-widget-spacer\" data-id=\"c8fd158\" data-element_type=\"widget\" data-widget_type=\"spacer.default\">\n\t\t\t\t<div class=\"elementor-widget-container\">\n\t\t\t\t\t\t\t<div class=\"elementor-spacer\">\n\t\t\t<div class=\"elementor-spacer-inner\"><\/div>\n\t\t<\/div>\n\t\t\t\t\t\t<\/div>\n\t\t\t\t<\/div>\n\t\t\t\t<div class=\"elementor-element elementor-element-c75a0b5 elementor-widget elementor-widget-image\" data-id=\"c75a0b5\" data-element_type=\"widget\" data-widget_type=\"image.default\">\n\t\t\t\t<div class=\"elementor-widget-container\">\n\t\t\t\t\t\t\t\t\t\t\t\t\t\t\t<img fetchpriority=\"high\" decoding=\"async\" width=\"900\" height=\"904\" src=\"https:\/\/www.seg-online.de\/home\/wp-content\/uploads\/2020\/03\/seg-unternehmen-umweltschutz.jpg\" class=\"attachment-full size-full wp-image-2035\" alt=\"SEG Unternehmen Umweltschutz\" srcset=\"https:\/\/www.seg-online.de\/home\/wp-content\/uploads\/2020\/03\/seg-unternehmen-umweltschutz.jpg 900w, https:\/\/www.seg-online.de\/home\/wp-content\/uploads\/2020\/03\/seg-unternehmen-umweltschutz-150x150.jpg 150w, https:\/\/www.seg-online.de\/home\/wp-content\/uploads\/2020\/03\/seg-unternehmen-umweltschutz-300x300.jpg 300w, https:\/\/www.seg-online.de\/home\/wp-content\/uploads\/2020\/03\/seg-unternehmen-umweltschutz-768x771.jpg 768w, https:\/\/www.seg-online.de\/home\/wp-content\/uploads\/2020\/03\/seg-unternehmen-umweltschutz-120x120.jpg 120w\" sizes=\"(max-width: 900px) 100vw, 900px\" title=\"\" \/>\t\t\t\t\t\t\t\t\t\t\t\t\t\t\t<\/div>\n\t\t\t\t<\/div>\n\t\t\t\t<div class=\"elementor-element elementor-element-4533b69 elementor-hidden-phone elementor-widget elementor-widget-spacer\" data-id=\"4533b69\" data-element_type=\"widget\" data-widget_type=\"spacer.default\">\n\t\t\t\t<div class=\"elementor-widget-container\">\n\t\t\t\t\t\t\t<div class=\"elementor-spacer\">\n\t\t\t<div class=\"elementor-spacer-inner\"><\/div>\n\t\t<\/div>\n\t\t\t\t\t\t<\/div>\n\t\t\t\t<\/div>\n\t\t\t\t\t<\/div>\n\t\t<\/div>\n\t\t\t\t<div class=\"elementor-column elementor-col-50 elementor-top-column elementor-element elementor-element-bbec987\" data-id=\"bbec987\" data-element_type=\"column\">\n\t\t\t<div class=\"elementor-widget-wrap elementor-element-populated\">\n\t\t\t\t\t\t<div class=\"elementor-element elementor-element-dc12204 elementor-widget elementor-widget-spacer\" data-id=\"dc12204\" data-element_type=\"widget\" data-widget_type=\"spacer.default\">\n\t\t\t\t<div class=\"elementor-widget-container\">\n\t\t\t\t\t\t\t<div class=\"elementor-spacer\">\n\t\t\t<div class=\"elementor-spacer-inner\"><\/div>\n\t\t<\/div>\n\t\t\t\t\t\t<\/div>\n\t\t\t\t<\/div>\n\t\t\t\t<div class=\"elementor-element-custom_font_size elementor-element-custom_line_height elementor-element-custom_color elementor-element elementor-element-ffcc253 elementor-widget elementor-widget-text-editor\" data-id=\"ffcc253\" data-element_type=\"widget\" data-widget_type=\"text-editor.default\">\n\t\t\t\t<div class=\"elementor-widget-container\">\n\t\t\t\t\t\t\t\t\t<h3>SEG: Klimaschutz, Qualit\u00e4t und Zukunft<\/h3>\t\t\t\t\t\t\t\t<\/div>\n\t\t\t\t<\/div>\n\t\t\t\t<div class=\"elementor-element-custom_color elementor-element elementor-element-14a8e66 elementor-widget elementor-widget-text-editor\" data-id=\"14a8e66\" data-element_type=\"widget\" data-widget_type=\"text-editor.default\">\n\t\t\t\t<div class=\"elementor-widget-container\">\n\t\t\t\t\t\t\t\t\tSeit ihrer Gr\u00fcndung im Jahr 1987 in Mettlach an der Saar besch\u00e4ftigt sich die SEG Umwelt-Service GmbH mit <b>Ressourcenschonung<\/b> und <b>Klimaschutz<\/b>.\n\nEnde der 80er Jahre r\u00fcckte das hohe Gef\u00e4hdungspotential von FCKW \/ KW mehr und mehr in den Mittelpunkt \u00f6kologischer Diskussionen. SEG machte die <b>R\u00fcckgewinnung<\/b> dieser Stoffe aus alten K\u00fchlger\u00e4ten zu ihrem Gesch\u00e4ftsschwerpunkt.\n\nAnfangs war ein vollst\u00e4ndiges R\u00fcckgewinnen der FCKW \/ KW technisch nicht m\u00f6glich, weshalb SEG es sich zur Aufgabe machte, eine spezielle Technologie zu entwickeln, die m\u00f6glichst alle FCKW \/ KW aus Altger\u00e4ten entfernen konnte. Diese Technologie zum Extrahieren und schadlosen Vernichten der ozonsch\u00e4digenden Fluorchlorkohlenwasserstoffe wird bis heute st\u00e4ndig von uns weiter optimiert.\t\t\t\t\t\t\t\t<\/div>\n\t\t\t\t<\/div>\n\t\t\t\t<div class=\"elementor-element elementor-element-c4e78c5 elementor-widget elementor-widget-spacer\" data-id=\"c4e78c5\" data-element_type=\"widget\" data-widget_type=\"spacer.default\">\n\t\t\t\t<div class=\"elementor-widget-container\">\n\t\t\t\t\t\t\t<div class=\"elementor-spacer\">\n\t\t\t<div class=\"elementor-spacer-inner\"><\/div>\n\t\t<\/div>\n\t\t\t\t\t\t<\/div>\n\t\t\t\t<\/div>\n\t\t\t\t<div class=\"elementor-element elementor-element-d2f0b20 elementor-hidden-tablet elementor-hidden-phone elementor-widget elementor-widget-spacer\" data-id=\"d2f0b20\" data-element_type=\"widget\" data-widget_type=\"spacer.default\">\n\t\t\t\t<div class=\"elementor-widget-container\">\n\t\t\t\t\t\t\t<div class=\"elementor-spacer\">\n\t\t\t<div class=\"elementor-spacer-inner\"><\/div>\n\t\t<\/div>\n\t\t\t\t\t\t<\/div>\n\t\t\t\t<\/div>\n\t\t\t\t\t<\/div>\n\t\t<\/div>\n\t\t\t\t\t<\/div>\n\t\t<\/section>\n\t\t\t\t<section class=\"elementor-section elementor-top-section elementor-element elementor-element-dc76d4d elementor-section-boxed elementor-section-height-default elementor-section-height-default\" data-id=\"dc76d4d\" data-element_type=\"section\" data-settings=\"{&quot;background_background&quot;:&quot;classic&quot;}\">\n\t\t\t\t\t\t<div class=\"elementor-container elementor-column-gap-default\">\n\t\t\t\t\t<div class=\"elementor-column elementor-col-50 elementor-top-column elementor-element elementor-element-55cb4bd\" data-id=\"55cb4bd\" data-element_type=\"column\">\n\t\t\t<div class=\"elementor-widget-wrap elementor-element-populated\">\n\t\t\t\t\t\t<div class=\"elementor-element elementor-element-3304fd7 elementor-widget elementor-widget-spacer\" data-id=\"3304fd7\" data-element_type=\"widget\" data-widget_type=\"spacer.default\">\n\t\t\t\t<div class=\"elementor-widget-container\">\n\t\t\t\t\t\t\t<div class=\"elementor-spacer\">\n\t\t\t<div class=\"elementor-spacer-inner\"><\/div>\n\t\t<\/div>\n\t\t\t\t\t\t<\/div>\n\t\t\t\t<\/div>\n\t\t\t\t<div class=\"elementor-element-custom_font_size elementor-element-custom_line_height elementor-element-custom_color elementor-element elementor-element-59123e7 elementor-widget elementor-widget-text-editor\" data-id=\"59123e7\" data-element_type=\"widget\" data-widget_type=\"text-editor.default\">\n\t\t\t\t<div class=\"elementor-widget-container\">\n\t\t\t\t\t\t\t\t\t<h2>Ressourcenschonung durch Kreislaufwirtschaft<\/h2>\t\t\t\t\t\t\t\t<\/div>\n\t\t\t\t<\/div>\n\t\t\t\t<div class=\"elementor-element-custom_color elementor-element elementor-element-fca3a92 elementor-widget elementor-widget-text-editor\" data-id=\"fca3a92\" data-element_type=\"widget\" data-widget_type=\"text-editor.default\">\n\t\t\t\t<div class=\"elementor-widget-container\">\n\t\t\t\t\t\t\t\t\tDas System SEG setzt entscheidende Standards f\u00fcr eine verantwortungsvolle und nachhaltige K\u00fchlger\u00e4te-Kreislaufwirtschaft durch weitgehende R\u00fcckproduktion.\n\nDie Verfahrenstechnik aus Mettlach findet in ganz Europa Anwendung: die ressourcenschonende K\u00fchlger\u00e4t-R\u00fcckproduktion nach System SEG hat betr\u00e4chtliche Marktanteile unter anderem in Frankreich, Luxemburg, \u00d6sterreich, der Schweiz, der Tschechischen Republik, Griechenland, Finnland und Schweden.\t\t\t\t\t\t\t\t<\/div>\n\t\t\t\t<\/div>\n\t\t\t\t<div class=\"elementor-element elementor-element-0ff4b95 elementor-widget elementor-widget-spacer\" data-id=\"0ff4b95\" data-element_type=\"widget\" data-widget_type=\"spacer.default\">\n\t\t\t\t<div class=\"elementor-widget-container\">\n\t\t\t\t\t\t\t<div class=\"elementor-spacer\">\n\t\t\t<div class=\"elementor-spacer-inner\"><\/div>\n\t\t<\/div>\n\t\t\t\t\t\t<\/div>\n\t\t\t\t<\/div>\n\t\t\t\t<div class=\"elementor-element elementor-element-567da94 elementor-hidden-tablet elementor-hidden-phone elementor-widget elementor-widget-spacer\" data-id=\"567da94\" data-element_type=\"widget\" data-widget_type=\"spacer.default\">\n\t\t\t\t<div class=\"elementor-widget-container\">\n\t\t\t\t\t\t\t<div class=\"elementor-spacer\">\n\t\t\t<div class=\"elementor-spacer-inner\"><\/div>\n\t\t<\/div>\n\t\t\t\t\t\t<\/div>\n\t\t\t\t<\/div>\n\t\t\t\t\t<\/div>\n\t\t<\/div>\n\t\t\t\t<div class=\"elementor-column elementor-col-50 elementor-top-column elementor-element elementor-element-6c3b466\" data-id=\"6c3b466\" data-element_type=\"column\">\n\t\t\t<div class=\"elementor-widget-wrap elementor-element-populated\">\n\t\t\t\t\t\t<div class=\"elementor-element elementor-element-6725a6b elementor-hidden-phone elementor-widget elementor-widget-spacer\" data-id=\"6725a6b\" data-element_type=\"widget\" data-widget_type=\"spacer.default\">\n\t\t\t\t<div class=\"elementor-widget-container\">\n\t\t\t\t\t\t\t<div class=\"elementor-spacer\">\n\t\t\t<div class=\"elementor-spacer-inner\"><\/div>\n\t\t<\/div>\n\t\t\t\t\t\t<\/div>\n\t\t\t\t<\/div>\n\t\t\t\t<div class=\"elementor-element elementor-element-2391ee5 elementor-invisible elementor-widget elementor-widget-image\" data-id=\"2391ee5\" data-element_type=\"widget\" data-settings=\"{&quot;_animation&quot;:&quot;rotateIn&quot;,&quot;_animation_delay&quot;:300}\" data-widget_type=\"image.default\">\n\t\t\t\t<div class=\"elementor-widget-container\">\n\t\t\t\t\t\t\t\t\t\t\t\t\t\t\t<img decoding=\"async\" width=\"600\" height=\"608\" src=\"https:\/\/www.seg-online.de\/home\/wp-content\/uploads\/2019\/09\/verwertungskreislauf.png\" class=\"attachment-full size-full wp-image-1800\" alt=\"Verwertungskreislauf\" srcset=\"https:\/\/www.seg-online.de\/home\/wp-content\/uploads\/2019\/09\/verwertungskreislauf.png 600w, https:\/\/www.seg-online.de\/home\/wp-content\/uploads\/2019\/09\/verwertungskreislauf-296x300.png 296w\" sizes=\"(max-width: 600px) 100vw, 600px\" title=\"\" \/>\t\t\t\t\t\t\t\t\t\t\t\t\t\t\t<\/div>\n\t\t\t\t<\/div>\n\t\t\t\t\t<\/div>\n\t\t<\/div>\n\t\t\t\t\t<\/div>\n\t\t<\/section>\n\t\t\t\t<section class=\"elementor-section elementor-top-section elementor-element elementor-element-73a9d09 elementor-section-boxed elementor-section-height-default elementor-section-height-default\" data-id=\"73a9d09\" data-element_type=\"section\" data-settings=\"{&quot;background_background&quot;:&quot;classic&quot;}\">\n\t\t\t\t\t\t<div class=\"elementor-container elementor-column-gap-default\">\n\t\t\t\t\t<div class=\"elementor-column elementor-col-100 elementor-top-column elementor-element elementor-element-2572634\" data-id=\"2572634\" data-element_type=\"column\">\n\t\t\t<div class=\"elementor-widget-wrap elementor-element-populated\">\n\t\t\t\t\t\t<div class=\"elementor-element elementor-element-10790e8 elementor-widget elementor-widget-spacer\" data-id=\"10790e8\" data-element_type=\"widget\" data-widget_type=\"spacer.default\">\n\t\t\t\t<div class=\"elementor-widget-container\">\n\t\t\t\t\t\t\t<div class=\"elementor-spacer\">\n\t\t\t<div class=\"elementor-spacer-inner\"><\/div>\n\t\t<\/div>\n\t\t\t\t\t\t<\/div>\n\t\t\t\t<\/div>\n\t\t\t\t<div class=\"elementor-element-custom_font_size elementor-element-custom_line_height elementor-element-custom_color elementor-element elementor-element-a27e1d2 elementor-widget elementor-widget-text-editor\" data-id=\"a27e1d2\" data-element_type=\"widget\" data-widget_type=\"text-editor.default\">\n\t\t\t\t<div class=\"elementor-widget-container\">\n\t\t\t\t\t\t\t\t\t<h2>Die Betriebsbereiche der SEG am Hauptstandort Mettlach<\/h2>\t\t\t\t\t\t\t\t<\/div>\n\t\t\t\t<\/div>\n\t\t\t\t\t<\/div>\n\t\t<\/div>\n\t\t\t\t\t<\/div>\n\t\t<\/section>\n\t\t\t\t<section class=\"elementor-section elementor-top-section elementor-element elementor-element-190e975 elementor-section-boxed elementor-section-height-default elementor-section-height-default\" data-id=\"190e975\" data-element_type=\"section\" data-settings=\"{&quot;background_background&quot;:&quot;classic&quot;}\">\n\t\t\t\t\t\t<div class=\"elementor-container elementor-column-gap-default\">\n\t\t\t\t\t<div class=\"elementor-column elementor-col-33 elementor-top-column elementor-element elementor-element-2ca5832\" data-id=\"2ca5832\" data-element_type=\"column\">\n\t\t\t<div class=\"elementor-widget-wrap elementor-element-populated\">\n\t\t\t\t\t\t<div class=\"elementor-element elementor-element-2dc09e3 elementor-widget elementor-widget-spacer\" data-id=\"2dc09e3\" data-element_type=\"widget\" data-widget_type=\"spacer.default\">\n\t\t\t\t<div class=\"elementor-widget-container\">\n\t\t\t\t\t\t\t<div class=\"elementor-spacer\">\n\t\t\t<div class=\"elementor-spacer-inner\"><\/div>\n\t\t<\/div>\n\t\t\t\t\t\t<\/div>\n\t\t\t\t<\/div>\n\t\t\t\t<div class=\"elementor-element-custom_color elementor-element elementor-element-de1ba3b elementor-widget elementor-widget-text-editor\" data-id=\"de1ba3b\" data-element_type=\"widget\" data-widget_type=\"text-editor.default\">\n\t\t\t\t<div class=\"elementor-widget-container\">\n\t\t\t\t\t\t\t\t\t<h3>SEG Hauptverwaltung<\/h3>\n<p>Administration, Empfang von Schulungen etc.<\/p>\t\t\t\t\t\t\t\t<\/div>\n\t\t\t\t<\/div>\n\t\t\t\t<div class=\"elementor-element elementor-element-243f0ba elementor-hidden-phone elementor-widget elementor-widget-spacer\" data-id=\"243f0ba\" data-element_type=\"widget\" data-widget_type=\"spacer.default\">\n\t\t\t\t<div class=\"elementor-widget-container\">\n\t\t\t\t\t\t\t<div class=\"elementor-spacer\">\n\t\t\t<div class=\"elementor-spacer-inner\"><\/div>\n\t\t<\/div>\n\t\t\t\t\t\t<\/div>\n\t\t\t\t<\/div>\n\t\t\t\t<div class=\"elementor-element elementor-element-baddda9 elementor-widget elementor-widget-image\" data-id=\"baddda9\" data-element_type=\"widget\" data-widget_type=\"image.default\">\n\t\t\t\t<div class=\"elementor-widget-container\">\n\t\t\t\t\t\t\t\t\t\t\t\t\t\t\t<img decoding=\"async\" src=\"https:\/\/www.seg-online.de\/home\/wp-content\/uploads\/elementor\/thumbs\/segi-1-r8dpx6nprd2azo0f3fjettfbsldnzhvndi3xyzsfhm.png\" title=\"segi\" alt=\"segi\" loading=\"lazy\" \/>\t\t\t\t\t\t\t\t\t\t\t\t\t\t\t<\/div>\n\t\t\t\t<\/div>\n\t\t\t\t\t<\/div>\n\t\t<\/div>\n\t\t\t\t<div class=\"elementor-column elementor-col-33 elementor-top-column elementor-element elementor-element-7e38870\" data-id=\"7e38870\" data-element_type=\"column\">\n\t\t\t<div class=\"elementor-widget-wrap elementor-element-populated\">\n\t\t\t\t\t\t<div class=\"elementor-element elementor-element-7e5c824 elementor-widget elementor-widget-spacer\" data-id=\"7e5c824\" data-element_type=\"widget\" data-widget_type=\"spacer.default\">\n\t\t\t\t<div class=\"elementor-widget-container\">\n\t\t\t\t\t\t\t<div class=\"elementor-spacer\">\n\t\t\t<div class=\"elementor-spacer-inner\"><\/div>\n\t\t<\/div>\n\t\t\t\t\t\t<\/div>\n\t\t\t\t<\/div>\n\t\t\t\t<div class=\"elementor-element-custom_color elementor-element elementor-element-c9b43f9 elementor-widget elementor-widget-text-editor\" data-id=\"c9b43f9\" data-element_type=\"widget\" data-widget_type=\"text-editor.default\">\n\t\t\t\t<div class=\"elementor-widget-container\">\n\t\t\t\t\t\t\t\t\t<h3>SEG R\u00fcckproduktion<\/h3>\nEntwicklung, Planung und Bau von Anlagen zur K\u00fchlger\u00e4te-R\u00fcckproduktion, Wartung und Instandhaltung\nmit Industrie-Service inklusive Anlagenbau, Standzeit&shy;management, Revision<br><br>und Industrieproduktion<br>mit R\u00fcckproduktion von K\u00fchlger\u00e4ten und Bausch\u00e4umen\t\t\t\t\t\t\t\t<\/div>\n\t\t\t\t<\/div>\n\t\t\t\t<div class=\"elementor-element elementor-element-67817fa elementor-hidden-phone elementor-widget elementor-widget-spacer\" data-id=\"67817fa\" data-element_type=\"widget\" data-widget_type=\"spacer.default\">\n\t\t\t\t<div class=\"elementor-widget-container\">\n\t\t\t\t\t\t\t<div class=\"elementor-spacer\">\n\t\t\t<div class=\"elementor-spacer-inner\"><\/div>\n\t\t<\/div>\n\t\t\t\t\t\t<\/div>\n\t\t\t\t<\/div>\n\t\t\t\t\t<\/div>\n\t\t<\/div>\n\t\t\t\t<div class=\"elementor-column elementor-col-33 elementor-top-column elementor-element elementor-element-6e94578\" data-id=\"6e94578\" data-element_type=\"column\">\n\t\t\t<div class=\"elementor-widget-wrap elementor-element-populated\">\n\t\t\t\t\t\t<div class=\"elementor-element elementor-element-bb4f136 elementor-widget elementor-widget-spacer\" data-id=\"bb4f136\" data-element_type=\"widget\" data-widget_type=\"spacer.default\">\n\t\t\t\t<div class=\"elementor-widget-container\">\n\t\t\t\t\t\t\t<div class=\"elementor-spacer\">\n\t\t\t<div class=\"elementor-spacer-inner\"><\/div>\n\t\t<\/div>\n\t\t\t\t\t\t<\/div>\n\t\t\t\t<\/div>\n\t\t\t\t<div class=\"elementor-element-custom_color elementor-element elementor-element-942a3a8 elementor-widget elementor-widget-text-editor\" data-id=\"942a3a8\" data-element_type=\"widget\" data-widget_type=\"text-editor.default\">\n\t\t\t\t<div class=\"elementor-widget-container\">\n\t\t\t\t\t\t\t\t\t<h3>RESSOURCEN CENTER<\/h3>\nAufbereiten der Materialstr\u00f6me aus der K\u00fchlger\u00e4te-R\u00fcckproduktion, Produktion qualitativ hochwertiger Sekund\u00e4rrohstoffe f\u00fcr den Wiedereinsatz\t\t\t\t\t\t\t\t<\/div>\n\t\t\t\t<\/div>\n\t\t\t\t<div class=\"elementor-element elementor-element-1fe58e6 elementor-widget elementor-widget-spacer\" data-id=\"1fe58e6\" data-element_type=\"widget\" data-widget_type=\"spacer.default\">\n\t\t\t\t<div class=\"elementor-widget-container\">\n\t\t\t\t\t\t\t<div class=\"elementor-spacer\">\n\t\t\t<div class=\"elementor-spacer-inner\"><\/div>\n\t\t<\/div>\n\t\t\t\t\t\t<\/div>\n\t\t\t\t<\/div>\n\t\t\t\t\t<\/div>\n\t\t<\/div>\n\t\t\t\t\t<\/div>\n\t\t<\/section>\n\t\t\t\t<section class=\"elementor-section elementor-top-section elementor-element elementor-element-f6948ee elementor-section-boxed elementor-section-height-default elementor-section-height-default\" data-id=\"f6948ee\" data-element_type=\"section\" data-settings=\"{&quot;background_background&quot;:&quot;classic&quot;}\">\n\t\t\t\t\t\t<div class=\"elementor-container elementor-column-gap-default\">\n\t\t\t\t\t<div class=\"elementor-column elementor-col-50 elementor-top-column elementor-element elementor-element-44adb67\" data-id=\"44adb67\" data-element_type=\"column\">\n\t\t\t<div class=\"elementor-widget-wrap elementor-element-populated\">\n\t\t\t\t\t\t<div class=\"elementor-element elementor-element-622f19a elementor-widget elementor-widget-spacer\" data-id=\"622f19a\" data-element_type=\"widget\" data-widget_type=\"spacer.default\">\n\t\t\t\t<div class=\"elementor-widget-container\">\n\t\t\t\t\t\t\t<div class=\"elementor-spacer\">\n\t\t\t<div class=\"elementor-spacer-inner\"><\/div>\n\t\t<\/div>\n\t\t\t\t\t\t<\/div>\n\t\t\t\t<\/div>\n\t\t\t\t<div class=\"elementor-element elementor-element-63ee0ae elementor-widget elementor-widget-image\" data-id=\"63ee0ae\" data-element_type=\"widget\" data-settings=\"{&quot;_animation&quot;:&quot;none&quot;,&quot;_animation_delay&quot;:300}\" data-widget_type=\"image.default\">\n\t\t\t\t<div class=\"elementor-widget-container\">\n\t\t\t\t\t\t\t\t\t\t\t\t\t\t\t<img decoding=\"async\" width=\"800\" height=\"310\" src=\"https:\/\/www.seg-online.de\/home\/wp-content\/uploads\/2019\/10\/logo-seg-800.png\" class=\"attachment-full size-full wp-image-1947\" alt=\"SEG Umweltservice Logo\" srcset=\"https:\/\/www.seg-online.de\/home\/wp-content\/uploads\/2019\/10\/logo-seg-800.png 800w, https:\/\/www.seg-online.de\/home\/wp-content\/uploads\/2019\/10\/logo-seg-800-300x116.png 300w, https:\/\/www.seg-online.de\/home\/wp-content\/uploads\/2019\/10\/logo-seg-800-768x298.png 768w\" sizes=\"(max-width: 800px) 100vw, 800px\" title=\"\" \/>\t\t\t\t\t\t\t\t\t\t\t\t\t\t\t<\/div>\n\t\t\t\t<\/div>\n\t\t\t\t<div class=\"elementor-element elementor-element-7e095ba elementor-widget elementor-widget-spacer\" data-id=\"7e095ba\" data-element_type=\"widget\" data-widget_type=\"spacer.default\">\n\t\t\t\t<div class=\"elementor-widget-container\">\n\t\t\t\t\t\t\t<div class=\"elementor-spacer\">\n\t\t\t<div class=\"elementor-spacer-inner\"><\/div>\n\t\t<\/div>\n\t\t\t\t\t\t<\/div>\n\t\t\t\t<\/div>\n\t\t\t\t\t<\/div>\n\t\t<\/div>\n\t\t\t\t<div class=\"elementor-column elementor-col-50 elementor-top-column elementor-element elementor-element-dcf6f2e\" data-id=\"dcf6f2e\" data-element_type=\"column\">\n\t\t\t<div class=\"elementor-widget-wrap elementor-element-populated\">\n\t\t\t\t\t\t<div class=\"elementor-element elementor-element-0412213 elementor-hidden-phone elementor-widget elementor-widget-spacer\" data-id=\"0412213\" data-element_type=\"widget\" data-widget_type=\"spacer.default\">\n\t\t\t\t<div class=\"elementor-widget-container\">\n\t\t\t\t\t\t\t<div class=\"elementor-spacer\">\n\t\t\t<div class=\"elementor-spacer-inner\"><\/div>\n\t\t<\/div>\n\t\t\t\t\t\t<\/div>\n\t\t\t\t<\/div>\n\t\t\t\t<div class=\"elementor-element-custom_font_size elementor-element-custom_line_height elementor-element-custom_color elementor-element elementor-element-e618b38 elementor-widget elementor-widget-text-editor\" data-id=\"e618b38\" data-element_type=\"widget\" data-widget_type=\"text-editor.default\">\n\t\t\t\t<div class=\"elementor-widget-container\">\n\t\t\t\t\t\t\t\t\t<h2>Diese Fakten machen das weltweit einmalige Angebot der SEG aus<\/h2>\t\t\t\t\t\t\t\t<\/div>\n\t\t\t\t<\/div>\n\t\t\t\t<div class=\"elementor-element-custom_color elementor-element elementor-element-4c84499 elementor-widget elementor-widget-text-editor\" data-id=\"4c84499\" data-element_type=\"widget\" data-widget_type=\"text-editor.default\">\n\t\t\t\t<div class=\"elementor-widget-container\">\n\t\t\t\t\t\t\t\t\t<ul class=\"liste-unternehmen\">\n \t<li>\u00dcber 30 Jahre Erfahrung in der K\u00fchlger\u00e4te-R\u00fcckproduktion<\/li>\n \t<li>Anlagenbauer und -betreiber<\/li>\n \t<li>Bereitschaft kontinuierlich in die Prozessoptimierung zu investieren<\/li>\n \t<li>Setzen von Ma\u00dfst\u00e4ben beim Wiederverwerten von K\u00fchlger\u00e4ten<\/li>\n \t<li>Closed-Loop-L\u00f6sungen vom Recycling \u00fcber Wertstoff-Veredelung bis hin zum Herstellen neuer Produkte &#8211; alles aus einer Hand<\/li>\n \t<li>Eigene Forschungs- und Entwicklungsabteilung f\u00fcr die st\u00e4ndige Weiterentwicklung und Optimierung<\/li>\n<\/ul>\t\t\t\t\t\t\t\t<\/div>\n\t\t\t\t<\/div>\n\t\t\t\t\t<\/div>\n\t\t<\/div>\n\t\t\t\t\t<\/div>\n\t\t<\/section>\n\t\t\t\t<\/div>\n\t\t","protected":false},"excerpt":{"rendered":"<p>SEG: Klimaschutz, Qualit\u00e4t und Zukunft Seit ihrer Gr\u00fcndung im Jahr 1987 in Mettlach an der Saar besch\u00e4ftigt sich die SEG Umwelt-Service GmbH mit Ressourcenschonung und Klimaschutz. Ende der 80er Jahre r\u00fcckte das hohe Gef\u00e4hdungspotential von FCKW \/ KW mehr und mehr in den Mittelpunkt \u00f6kologischer Diskussionen. SEG machte die R\u00fcckgewinnung dieser Stoffe aus alten K\u00fchlger\u00e4ten [&hellip;]<\/p>\n","protected":false},"author":1,"featured_media":0,"parent":0,"menu_order":0,"comment_status":"closed","ping_status":"closed","template":"","meta":{"footnotes":""},"class_list":["post-1932","page","type-page","status-publish","hentry"],"_links":{"self":[{"href":"https:\/\/www.seg-online.de\/home\/wp-json\/wp\/v2\/pages\/1932","targetHints":{"allow":["GET"]}}],"collection":[{"href":"https:\/\/www.seg-online.de\/home\/wp-json\/wp\/v2\/pages"}],"about":[{"href":"https:\/\/www.seg-online.de\/home\/wp-json\/wp\/v2\/types\/page"}],"author":[{"embeddable":true,"href":"https:\/\/www.seg-online.de\/home\/wp-json\/wp\/v2\/users\/1"}],"replies":[{"embeddable":true,"href":"https:\/\/www.seg-online.de\/home\/wp-json\/wp\/v2\/comments?post=1932"}],"version-history":[{"count":46,"href":"https:\/\/www.seg-online.de\/home\/wp-json\/wp\/v2\/pages\/1932\/revisions"}],"predecessor-version":[{"id":3597,"href":"https:\/\/www.seg-online.de\/home\/wp-json\/wp\/v2\/pages\/1932\/revisions\/3597"}],"wp:attachment":[{"href":"https:\/\/www.seg-online.de\/home\/wp-json\/wp\/v2\/media?parent=1932"}],"curies":[{"name":"wp","href":"https:\/\/api.w.org\/{rel}","templated":true}]}}