{"id":1805,"date":"2019-09-12T09:41:55","date_gmt":"2019-09-12T07:41:55","guid":{"rendered":"https:\/\/www.seg-online.de\/home\/?page_id=1805"},"modified":"2020-05-04T15:47:04","modified_gmt":"2020-05-04T13:47:04","slug":"pur","status":"publish","type":"page","link":"https:\/\/www.seg-online.de\/home\/pur\/","title":{"rendered":"PUR"},"content":{"rendered":"\t\t<div data-elementor-type=\"wp-post\" data-elementor-id=\"1805\" class=\"elementor elementor-1805\">\n\t\t\t\t\t\t<section class=\"elementor-section elementor-top-section elementor-element elementor-element-6a7786e elementor-section-boxed elementor-section-height-default elementor-section-height-default\" data-id=\"6a7786e\" data-element_type=\"section\" data-settings=\"{&quot;background_background&quot;:&quot;classic&quot;}\">\n\t\t\t\t\t\t<div class=\"elementor-container elementor-column-gap-default\">\n\t\t\t\t\t<div class=\"elementor-column elementor-col-100 elementor-top-column elementor-element elementor-element-32f78c1\" data-id=\"32f78c1\" data-element_type=\"column\">\n\t\t\t<div class=\"elementor-widget-wrap elementor-element-populated\">\n\t\t\t\t\t\t<div class=\"elementor-element elementor-element-400e5ab elementor-widget elementor-widget-spacer\" data-id=\"400e5ab\" data-element_type=\"widget\" data-widget_type=\"spacer.default\">\n\t\t\t\t<div class=\"elementor-widget-container\">\n\t\t\t\t\t\t\t<div class=\"elementor-spacer\">\n\t\t\t<div class=\"elementor-spacer-inner\"><\/div>\n\t\t<\/div>\n\t\t\t\t\t\t<\/div>\n\t\t\t\t<\/div>\n\t\t\t\t<div class=\"elementor-element-custom_color elementor-element elementor-element-38fba18 elementor-widget elementor-widget-text-editor\" data-id=\"38fba18\" data-element_type=\"widget\" data-widget_type=\"text-editor.default\">\n\t\t\t\t<div class=\"elementor-widget-container\">\n\t\t\t\t\t\t\t\t\t\u00d6KO-Pur &#8211; die einzigen \u00d6l- und Chemikalienbinder mit Klimaschutzeffekt.<br>\n\n<strong>\u00d6KO-Pur besteht aus Polyurethan-Sch\u00e4umen, denen bei der R\u00fcckproduktion von alten K\u00fchlger\u00e4ten VFC- und VHC- K\u00e4lte- und Treibmittel entnommen werden.<\/strong><br>\n\nDamit wird verhindert, dass sich die sch\u00e4dlichen Potentiale dieser Stoffe freisetzen und das Klima gef\u00e4hrden k\u00f6nnen. Beim Gebrauch eines Sackes \u00d6KO-Pur-Pulver werden 1,7 to CO\u2082 eingespart, beim Gebrauch von \u00d6KO-Pur-Feingranulat und Grobgranulat sind es sogar 4 to CO\u2082.\t\t\t\t\t\t\t\t<\/div>\n\t\t\t\t<\/div>\n\t\t\t\t<div class=\"elementor-element elementor-element-26f9ba2 elementor-widget elementor-widget-spacer\" data-id=\"26f9ba2\" data-element_type=\"widget\" data-widget_type=\"spacer.default\">\n\t\t\t\t<div class=\"elementor-widget-container\">\n\t\t\t\t\t\t\t<div class=\"elementor-spacer\">\n\t\t\t<div class=\"elementor-spacer-inner\"><\/div>\n\t\t<\/div>\n\t\t\t\t\t\t<\/div>\n\t\t\t\t<\/div>\n\t\t\t\t\t<\/div>\n\t\t<\/div>\n\t\t\t\t\t<\/div>\n\t\t<\/section>\n\t\t\t\t<section class=\"elementor-section elementor-top-section elementor-element elementor-element-ce799f7 elementor-section-boxed elementor-section-height-default elementor-section-height-default\" data-id=\"ce799f7\" data-element_type=\"section\" data-settings=\"{&quot;background_background&quot;:&quot;classic&quot;}\">\n\t\t\t\t\t\t<div class=\"elementor-container elementor-column-gap-default\">\n\t\t\t\t\t<div class=\"elementor-column elementor-col-50 elementor-top-column elementor-element elementor-element-de6dd50\" data-id=\"de6dd50\" data-element_type=\"column\" data-settings=\"{&quot;background_background&quot;:&quot;classic&quot;}\">\n\t\t\t<div class=\"elementor-widget-wrap elementor-element-populated\">\n\t\t\t\t\t\t<div class=\"elementor-element elementor-element-5ed1b3f elementor-widget elementor-widget-spacer\" data-id=\"5ed1b3f\" data-element_type=\"widget\" data-widget_type=\"spacer.default\">\n\t\t\t\t<div class=\"elementor-widget-container\">\n\t\t\t\t\t\t\t<div class=\"elementor-spacer\">\n\t\t\t<div class=\"elementor-spacer-inner\"><\/div>\n\t\t<\/div>\n\t\t\t\t\t\t<\/div>\n\t\t\t\t<\/div>\n\t\t\t\t<div class=\"elementor-element elementor-element-9ac300a elementor-widget elementor-widget-image\" data-id=\"9ac300a\" data-element_type=\"widget\" data-widget_type=\"image.default\">\n\t\t\t\t<div class=\"elementor-widget-container\">\n\t\t\t\t\t\t\t\t\t\t\t\t\t\t\t<img fetchpriority=\"high\" decoding=\"async\" width=\"870\" height=\"526\" src=\"https:\/\/www.seg-online.de\/home\/wp-content\/uploads\/2019\/09\/oeko-pur.jpg\" class=\"attachment-full size-full wp-image-1807\" alt=\"Aufsaugen und Binden von \u00d6len und Chemikalien\" srcset=\"https:\/\/www.seg-online.de\/home\/wp-content\/uploads\/2019\/09\/oeko-pur.jpg 870w, https:\/\/www.seg-online.de\/home\/wp-content\/uploads\/2019\/09\/oeko-pur-300x181.jpg 300w, https:\/\/www.seg-online.de\/home\/wp-content\/uploads\/2019\/09\/oeko-pur-768x464.jpg 768w\" sizes=\"(max-width: 870px) 100vw, 870px\" title=\"\" \/>\t\t\t\t\t\t\t\t\t\t\t\t\t\t\t<\/div>\n\t\t\t\t<\/div>\n\t\t\t\t\t<\/div>\n\t\t<\/div>\n\t\t\t\t<div class=\"elementor-column elementor-col-50 elementor-top-column elementor-element elementor-element-0ef9149\" data-id=\"0ef9149\" data-element_type=\"column\" data-settings=\"{&quot;background_background&quot;:&quot;classic&quot;}\">\n\t\t\t<div class=\"elementor-widget-wrap elementor-element-populated\">\n\t\t\t\t\t\t<div class=\"elementor-element elementor-element-14970b8 elementor-widget elementor-widget-spacer\" data-id=\"14970b8\" data-element_type=\"widget\" data-widget_type=\"spacer.default\">\n\t\t\t\t<div class=\"elementor-widget-container\">\n\t\t\t\t\t\t\t<div class=\"elementor-spacer\">\n\t\t\t<div class=\"elementor-spacer-inner\"><\/div>\n\t\t<\/div>\n\t\t\t\t\t\t<\/div>\n\t\t\t\t<\/div>\n\t\t\t\t<div class=\"elementor-element-custom_font_size elementor-element-custom_line_height elementor-element-custom_color elementor-element elementor-element-775da4a elementor-widget elementor-widget-text-editor\" data-id=\"775da4a\" data-element_type=\"widget\" data-widget_type=\"text-editor.default\">\n\t\t\t\t<div class=\"elementor-widget-container\">\n\t\t\t\t\t\t\t\t\t<p>Alle Produkte von \u00d6KO-Pur sind \u00e4u\u00dferst umweltvertr\u00e4glich, da als Grundmaterial 100%iges Recyclingpolyurethan eingesetzt wird. Polyurethan ist arbeitshygienisch vollkommen unbedenklich und unsch\u00e4dlich f\u00fcr Menschen, Tiere und Pflanzen. Als Recyclingprodukt hilft es kostbare Ressourcen zu schonen.<br>Tag f\u00fcr Tag l\u00e4uft irgendwo \u00d6l aus, auch wenn die Sensibilit\u00e4t im Umgang mit diesem Problemprodukt st\u00e4ndig w\u00e4chst. Aber nicht nur auslaufendes \u00d6l, auch Fette, Emulsionen, Lacke und S\u00e4uren sind immer ein Risiko f\u00fcr unsere Umwelt.&nbsp;<\/p>\t\t\t\t\t\t\t\t<\/div>\n\t\t\t\t<\/div>\n\t\t\t\t<div class=\"elementor-element elementor-element-04792c3 elementor-widget elementor-widget-spacer\" data-id=\"04792c3\" data-element_type=\"widget\" data-widget_type=\"spacer.default\">\n\t\t\t\t<div class=\"elementor-widget-container\">\n\t\t\t\t\t\t\t<div class=\"elementor-spacer\">\n\t\t\t<div class=\"elementor-spacer-inner\"><\/div>\n\t\t<\/div>\n\t\t\t\t\t\t<\/div>\n\t\t\t\t<\/div>\n\t\t\t\t\t<\/div>\n\t\t<\/div>\n\t\t\t\t\t<\/div>\n\t\t<\/section>\n\t\t\t\t<section class=\"elementor-section elementor-top-section elementor-element elementor-element-f111b9c elementor-section-stretched elementor-section-boxed elementor-section-height-default elementor-section-height-default\" data-id=\"f111b9c\" data-element_type=\"section\" data-settings=\"{&quot;stretch_section&quot;:&quot;section-stretched&quot;,&quot;background_background&quot;:&quot;classic&quot;}\">\n\t\t\t\t\t\t<div class=\"elementor-container elementor-column-gap-default\">\n\t\t\t\t\t<div class=\"elementor-column elementor-col-100 elementor-top-column elementor-element elementor-element-a270cf8\" data-id=\"a270cf8\" data-element_type=\"column\">\n\t\t\t<div class=\"elementor-widget-wrap elementor-element-populated\">\n\t\t\t\t\t\t<div class=\"elementor-element elementor-element-4faf783 elementor-widget elementor-widget-spacer\" data-id=\"4faf783\" data-element_type=\"widget\" data-widget_type=\"spacer.default\">\n\t\t\t\t<div class=\"elementor-widget-container\">\n\t\t\t\t\t\t\t<div class=\"elementor-spacer\">\n\t\t\t<div class=\"elementor-spacer-inner\"><\/div>\n\t\t<\/div>\n\t\t\t\t\t\t<\/div>\n\t\t\t\t<\/div>\n\t\t\t\t\t<\/div>\n\t\t<\/div>\n\t\t\t\t\t<\/div>\n\t\t<\/section>\n\t\t\t\t<section class=\"elementor-section elementor-top-section elementor-element elementor-element-be7fbe8 elementor-section-boxed elementor-section-height-default elementor-section-height-default\" data-id=\"be7fbe8\" data-element_type=\"section\" data-settings=\"{&quot;background_background&quot;:&quot;classic&quot;}\">\n\t\t\t\t\t\t<div class=\"elementor-container elementor-column-gap-default\">\n\t\t\t\t\t<div class=\"elementor-column elementor-col-100 elementor-top-column elementor-element elementor-element-c08107a\" data-id=\"c08107a\" data-element_type=\"column\">\n\t\t\t<div class=\"elementor-widget-wrap elementor-element-populated\">\n\t\t\t\t\t\t<div class=\"elementor-element elementor-element-5955624 elementor-widget__width-auto elementor-widget elementor-widget-text-editor\" data-id=\"5955624\" data-element_type=\"widget\" data-widget_type=\"text-editor.default\">\n\t\t\t\t<div class=\"elementor-widget-container\">\n\t\t\t\t\t\t\t\t\t<p>Schnelle und zuverl\u00e4ssige Hilfe ist wichtig, um dauerhafte Sch\u00e4den zu verhindern. Bei den \u00d6l- und Chemikalienbindern von \u00d6KO-Pur ist f\u00fcr jeden Fall das Richtige dabei.<br \/>Mit jedem verkauften Sack \u00d6KO-Pur wird der globale Klimaschutz gef\u00f6rdert. Die SEG unterst\u00fctzt dabei Klimaschutzprojekte z. B. in Mexico, Ghana und in Entwicklungsl\u00e4ndern weltweit.<\/p>\t\t\t\t\t\t\t\t<\/div>\n\t\t\t\t<\/div>\n\t\t\t\t<div class=\"elementor-element elementor-element-f4479b7 elementor-widget elementor-widget-gt3-core-emptyspace\" data-id=\"f4479b7\" data-element_type=\"widget\" data-widget_type=\"gt3-core-emptyspace.default\">\n\t\t\t\t<div class=\"elementor-widget-container\">\n\t\t\t\t\t\t<div class=\"gt3_emptyspace_block  gt3_es_sm_desktop-on  gt3_es_tablet-on  gt3_es_mobile-on\" data-block-title=\"EmptySpace Widget\">\r\n\t\t<div class=\"gt3_es gt3_es_default\"><\/div><div class=\"gt3_es gt3_es_sm_desktop\"><\/div><div class=\"gt3_es gt3_es_tablet\"><\/div><div class=\"gt3_es gt3_es_mobile\"><\/div>\t<\/div>\r\n\t\t\t\t<\/div>\n\t\t\t\t<\/div>\n\t\t\t\t\t<\/div>\n\t\t<\/div>\n\t\t\t\t\t<\/div>\n\t\t<\/section>\n\t\t\t\t<\/div>\n\t\t","protected":false},"excerpt":{"rendered":"<p>\u00d6KO-Pur &#8211; die einzigen \u00d6l- und Chemikalienbinder mit Klimaschutzeffekt. \u00d6KO-Pur besteht aus Polyurethan-Sch\u00e4umen, denen bei der R\u00fcckproduktion von alten K\u00fchlger\u00e4ten VFC- und VHC- K\u00e4lte- und Treibmittel entnommen werden. Damit wird verhindert, dass sich die sch\u00e4dlichen Potentiale dieser Stoffe freisetzen und das Klima gef\u00e4hrden k\u00f6nnen. Beim Gebrauch eines Sackes \u00d6KO-Pur-Pulver werden 1,7 to CO\u2082 eingespart, beim [&hellip;]<\/p>\n","protected":false},"author":1,"featured_media":0,"parent":0,"menu_order":0,"comment_status":"closed","ping_status":"closed","template":"","meta":{"footnotes":""},"class_list":["post-1805","page","type-page","status-publish","hentry"],"_links":{"self":[{"href":"https:\/\/www.seg-online.de\/home\/wp-json\/wp\/v2\/pages\/1805","targetHints":{"allow":["GET"]}}],"collection":[{"href":"https:\/\/www.seg-online.de\/home\/wp-json\/wp\/v2\/pages"}],"about":[{"href":"https:\/\/www.seg-online.de\/home\/wp-json\/wp\/v2\/types\/page"}],"author":[{"embeddable":true,"href":"https:\/\/www.seg-online.de\/home\/wp-json\/wp\/v2\/users\/1"}],"replies":[{"embeddable":true,"href":"https:\/\/www.seg-online.de\/home\/wp-json\/wp\/v2\/comments?post=1805"}],"version-history":[{"count":15,"href":"https:\/\/www.seg-online.de\/home\/wp-json\/wp\/v2\/pages\/1805\/revisions"}],"predecessor-version":[{"id":2166,"href":"https:\/\/www.seg-online.de\/home\/wp-json\/wp\/v2\/pages\/1805\/revisions\/2166"}],"wp:attachment":[{"href":"https:\/\/www.seg-online.de\/home\/wp-json\/wp\/v2\/media?parent=1805"}],"curies":[{"name":"wp","href":"https:\/\/api.w.org\/{rel}","templated":true}]}}